{"id":85,"date":"2020-04-08T22:47:09","date_gmt":"2020-04-08T20:47:09","guid":{"rendered":"http:\/\/www.tesorivallesanclemente.it\/?page_id=85"},"modified":"2020-04-16T22:37:55","modified_gmt":"2020-04-16T20:37:55","slug":"abbazia-di-sant-urbano","status":"publish","type":"page","link":"https:\/\/www.tesorivallesanclemente.it\/?page_id=85","title":{"rendered":"Abbazia di Sant&#8217; Urbano"},"content":{"rendered":"\n<p><\/p>\n\n\n\n<figure class=\"wp-block-embed-youtube wp-block-embed is-type-video is-provider-youtube wp-embed-aspect-16-9 wp-has-aspect-ratio\"><div class=\"wp-block-embed__wrapper\">\n<iframe loading=\"lazy\" title=\"Abbazia di Sant&#039; Urbano\" width=\"750\" height=\"422\" src=\"https:\/\/www.youtube.com\/embed\/OrlEkbFX7x0?start=75&#038;feature=oembed\" frameborder=\"0\" allow=\"accelerometer; autoplay; encrypted-media; gyroscope; picture-in-picture\" allowfullscreen><\/iframe>\n<\/div><\/figure>\n\n\n\n<p>L\u2019abbazia di Sant\u2019Urbano sorge al centro della&nbsp;<a href=\"https:\/\/www.facebook.com\/valledisanclemente\/\">Valle di San Clemente<\/a>.<\/p>\n\n\n\n<h5 class=\"wp-block-heading\">Una vallata ricca di storia e di tesori, che va dalla Vallesina, fino al Monte San Vicino.<\/h5>\n\n\n\n<figure class=\"wp-block-image size-large\"><img loading=\"lazy\" decoding=\"async\" width=\"1024\" height=\"682\" src=\"http:\/\/www.tesorivallesanclemente.it\/wp-content\/uploads\/2020\/04\/alto-Urbano-1024x682.jpg\" alt=\"\" class=\"wp-image-86\" srcset=\"https:\/\/www.tesorivallesanclemente.it\/wp-content\/uploads\/2020\/04\/alto-Urbano-1024x682.jpg 1024w, https:\/\/www.tesorivallesanclemente.it\/wp-content\/uploads\/2020\/04\/alto-Urbano-300x200.jpg 300w, https:\/\/www.tesorivallesanclemente.it\/wp-content\/uploads\/2020\/04\/alto-Urbano-768x512.jpg 768w, https:\/\/www.tesorivallesanclemente.it\/wp-content\/uploads\/2020\/04\/alto-Urbano.jpg 1400w\" sizes=\"auto, (max-width: 1024px) 100vw, 1024px\" \/><\/figure>\n\n\n\n<p><\/p>\n\n\n\n<h2 class=\"has-text-align-center wp-block-heading\"><strong>Storia<\/strong><\/h2>\n\n\n\n<p>L\u2019Abbazia di Sant\u2019Urbano sorge in mezzo ad un bellissimo prato verde in aperta campagna a circa 10 km di distanza dal centro del paese; dei motivi della costruzione poco sappiamo, ma conosciamo la data della consacrazione avvenuta nell\u2019anno 1086 da parte di Ugone Vescovo di Camerino. Durante uno degli scontri con le bande armate apiresi la chiesa originaria venne in gran parte bruciata ma dopo la met\u00e0 del XIII secolo venne rinnovata e ampliata. All\u2019inizio del XV secolo inizi\u00f2 la sua decadenza, che la spinse nel 1442 a unirsi all\u2019abbazia di Valdicastro, col benestare del papa Eugenio IV. Da allora i camaldolesi ressero l\u2019abbazia fino al 1810: in quell\u2019anno divenne propriet\u00e0 privata.<\/p>\n\n\n\n<p><\/p>\n\n\n\n<h2 class=\"has-text-align-center wp-block-heading\"><strong>Architettura<\/strong><\/h2>\n\n\n\n<p>L\u2019edificio ha uno stile romano-gotico ed \u00e8 il risultato della ricostruzione avvenuta nel XIII secolo. E\u2019 costruito in blocchetti di pietra e l\u2019elemento maggiormente rilevante all\u2019esterno \u00e8 il complesso absidale, composto da ben 3 absidi di cui una grande semicircolare centrale e due laterali pi\u00f9 piccole, anch\u2019esse semicircolari. Il corpo della navata centrale \u00e8 pi\u00f9 alto e si alza ancora di pi\u00f9 in corrispondenza del presbiterio. Le aperture sono tutte tipicamente romaniche. Il portale d\u2019ingresso, lavorato, \u00e8 di modeste dimensioni ed immette nell\u2019atrio che \u00e8 a pianta quadrata e coperto a crociera; la particolarit\u00e0 dell\u2019Abbazia \u00e8 che questa zona anteriore della chiesa \u00e8 nettamente separata dal presbiterio per mezzo di un muro trasversale; il presbiterio a sua volta, potrebbe costituire una chiesa a s\u00e9 vista la sua ampiezza e la struttura a tre navate. Nella parte inferiore troviamo delle cripte, una maggiore centrale e due piccole laterali; nell\u2019abbazia \u00e8 possibile ammirare anche una serie di affreschi dell\u2019epoca; l\u2019altare posto davanti alla piccola abside della cripta, risale al 1140.<\/p>\n\n\n\n<figure class=\"wp-block-image size-large\"><img loading=\"lazy\" decoding=\"async\" width=\"1024\" height=\"682\" src=\"http:\/\/www.tesorivallesanclemente.it\/wp-content\/uploads\/2020\/04\/abbazia-di-santurbano-ristorante-1024x682.jpg\" alt=\"\" class=\"wp-image-87\" srcset=\"https:\/\/www.tesorivallesanclemente.it\/wp-content\/uploads\/2020\/04\/abbazia-di-santurbano-ristorante-1024x682.jpg 1024w, https:\/\/www.tesorivallesanclemente.it\/wp-content\/uploads\/2020\/04\/abbazia-di-santurbano-ristorante-300x200.jpg 300w, https:\/\/www.tesorivallesanclemente.it\/wp-content\/uploads\/2020\/04\/abbazia-di-santurbano-ristorante-768x512.jpg 768w, https:\/\/www.tesorivallesanclemente.it\/wp-content\/uploads\/2020\/04\/abbazia-di-santurbano-ristorante-1536x1024.jpg 1536w, https:\/\/www.tesorivallesanclemente.it\/wp-content\/uploads\/2020\/04\/abbazia-di-santurbano-ristorante.jpg 2000w\" sizes=\"auto, (max-width: 1024px) 100vw, 1024px\" \/><\/figure>\n\n\n\n<p>Lo \u00e8 soprattutto per la sua struttura, una sorta di chiesa dentro la chiesa con due ambiti separati, uno per i laici e uno dedicato espressamente alle funzioni religiose.<\/p>\n\n\n\n<p><\/p>\n\n\n\n<figure class=\"wp-block-gallery columns-3 is-cropped wp-block-gallery-1 is-layout-flex wp-block-gallery-is-layout-flex\"><ul class=\"blocks-gallery-grid\"><li class=\"blocks-gallery-item\"><figure><img loading=\"lazy\" decoding=\"async\" width=\"275\" height=\"183\" src=\"http:\/\/www.tesorivallesanclemente.it\/wp-content\/uploads\/2020\/04\/apiro33.jpg\" alt=\"\" data-id=\"88\" data-full-url=\"http:\/\/www.tesorivallesanclemente.it\/wp-content\/uploads\/2020\/04\/apiro33.jpg\" data-link=\"http:\/\/www.tesorivallesanclemente.it\/?attachment_id=88\" class=\"wp-image-88\"\/><\/figure><\/li><li class=\"blocks-gallery-item\"><figure><img loading=\"lazy\" decoding=\"async\" width=\"224\" height=\"300\" src=\"http:\/\/www.tesorivallesanclemente.it\/wp-content\/uploads\/2020\/04\/apiro34.jpg\" alt=\"\" data-id=\"89\" data-full-url=\"http:\/\/www.tesorivallesanclemente.it\/wp-content\/uploads\/2020\/04\/apiro34.jpg\" data-link=\"http:\/\/www.tesorivallesanclemente.it\/?attachment_id=89\" class=\"wp-image-89\"\/><\/figure><\/li><li class=\"blocks-gallery-item\"><figure><img loading=\"lazy\" decoding=\"async\" width=\"275\" height=\"183\" src=\"http:\/\/www.tesorivallesanclemente.it\/wp-content\/uploads\/2020\/04\/apiro35.jpg\" alt=\"\" data-id=\"90\" data-full-url=\"http:\/\/www.tesorivallesanclemente.it\/wp-content\/uploads\/2020\/04\/apiro35.jpg\" data-link=\"http:\/\/www.tesorivallesanclemente.it\/?attachment_id=90\" class=\"wp-image-90\"\/><\/figure><\/li><\/ul><\/figure>\n\n\n\n<p>Una volta entrati e scesi i pochi gradini, vi ritroverete in un vano piuttosto ampio con colonne e capitelli scolpiti. Siete nella prima parte della chiesa, quella laica con un muro che vi separer\u00e0 visivamente dalla chiesa vera e propria a cui potrete accedere salendo altre scale, mentre quelle che scendono vi condurranno alla cripta. Non siate frettolosi, ammirate <strong>capitelli scolpiti con scene di animali,<\/strong> che poco sembrano avere di religioso, e gli affreschi. Volgete il vostro sguardo verso l\u2019alto: noterete un<strong> obl\u00f2<\/strong> sulla parete esterna tra le arcate sovrastanti le mura. Poi andate nella parete alla destra dell\u2019ingresso: nella parte <strong>bassa troverete una pietra circolare<\/strong> che ben si distingue dalle pietre a blocchi del muro. Ebbene i<strong>l giorno di Sant\u2019Urbano il 25 maggio (alcuni fonti riportano anche il 19 luglio) il sole filtrando dall\u2019obl\u00f2 in alto illuminer\u00e0 con precisione proprio quel cerchio<\/strong>. Ingegnoso vero?<\/p>\n\n\n\n<figure class=\"wp-block-gallery columns-3 is-cropped wp-block-gallery-2 is-layout-flex wp-block-gallery-is-layout-flex\"><ul class=\"blocks-gallery-grid\"><li class=\"blocks-gallery-item\"><figure><img loading=\"lazy\" decoding=\"async\" width=\"377\" height=\"184\" src=\"http:\/\/www.tesorivallesanclemente.it\/wp-content\/uploads\/2020\/04\/apiro21.jpg\" alt=\"\" data-id=\"91\" data-full-url=\"http:\/\/www.tesorivallesanclemente.it\/wp-content\/uploads\/2020\/04\/apiro21.jpg\" data-link=\"http:\/\/www.tesorivallesanclemente.it\/?attachment_id=91\" class=\"wp-image-91\" srcset=\"https:\/\/www.tesorivallesanclemente.it\/wp-content\/uploads\/2020\/04\/apiro21.jpg 377w, https:\/\/www.tesorivallesanclemente.it\/wp-content\/uploads\/2020\/04\/apiro21-300x146.jpg 300w\" sizes=\"auto, (max-width: 377px) 100vw, 377px\" \/><\/figure><\/li><li class=\"blocks-gallery-item\"><figure><img loading=\"lazy\" decoding=\"async\" width=\"391\" height=\"191\" src=\"http:\/\/www.tesorivallesanclemente.it\/wp-content\/uploads\/2020\/04\/apiro22.jpg\" alt=\"\" data-id=\"92\" data-full-url=\"http:\/\/www.tesorivallesanclemente.it\/wp-content\/uploads\/2020\/04\/apiro22.jpg\" data-link=\"http:\/\/www.tesorivallesanclemente.it\/?attachment_id=92\" class=\"wp-image-92\" srcset=\"https:\/\/www.tesorivallesanclemente.it\/wp-content\/uploads\/2020\/04\/apiro22.jpg 391w, https:\/\/www.tesorivallesanclemente.it\/wp-content\/uploads\/2020\/04\/apiro22-300x147.jpg 300w\" sizes=\"auto, (max-width: 391px) 100vw, 391px\" \/><\/figure><\/li><li class=\"blocks-gallery-item\"><figure><img loading=\"lazy\" decoding=\"async\" width=\"260\" height=\"194\" src=\"http:\/\/www.tesorivallesanclemente.it\/wp-content\/uploads\/2020\/04\/apiro23.jpg\" alt=\"\" data-id=\"93\" data-full-url=\"http:\/\/www.tesorivallesanclemente.it\/wp-content\/uploads\/2020\/04\/apiro23.jpg\" data-link=\"http:\/\/www.tesorivallesanclemente.it\/?attachment_id=93\" class=\"wp-image-93\"\/><\/figure><\/li><\/ul><\/figure>\n\n\n\n<p>Salendo gli scalini si accede alla seconda parte della chiesa: tre navate e abside finale, nelle forme romaniche pi\u00f9 conosciute. L\u2019abside \u00e8 rivolta ad est verso Gerusalemme. Sotto si trova la cripta formata da una serie di colonnine con capitelli dagli angoli stondati.<\/p>\n\n\n\n<figure class=\"wp-block-gallery aligncenter columns-1 is-cropped wp-block-gallery-3 is-layout-flex wp-block-gallery-is-layout-flex\"><ul class=\"blocks-gallery-grid\"><li class=\"blocks-gallery-item\"><figure><img loading=\"lazy\" decoding=\"async\" width=\"275\" height=\"183\" src=\"http:\/\/www.tesorivallesanclemente.it\/wp-content\/uploads\/2020\/04\/apiro24.jpg\" alt=\"\" data-id=\"94\" data-full-url=\"http:\/\/www.tesorivallesanclemente.it\/wp-content\/uploads\/2020\/04\/apiro24.jpg\" data-link=\"http:\/\/www.tesorivallesanclemente.it\/?attachment_id=94\" class=\"wp-image-94\"\/><\/figure><\/li><\/ul><\/figure>\n\n\n\n<p><\/p>\n\n\n\n<h2 class=\"wp-block-heading\">Come Arrivare:<\/h2>\n\n\n\n<figure class=\"wp-block-image size-large\"><img loading=\"lazy\" decoding=\"async\" width=\"1024\" height=\"608\" src=\"http:\/\/www.tesorivallesanclemente.it\/wp-content\/uploads\/2020\/04\/mappa-come-arrivare-1024x608.jpg\" alt=\"\" class=\"wp-image-148\" srcset=\"https:\/\/www.tesorivallesanclemente.it\/wp-content\/uploads\/2020\/04\/mappa-come-arrivare-1024x608.jpg 1024w, https:\/\/www.tesorivallesanclemente.it\/wp-content\/uploads\/2020\/04\/mappa-come-arrivare-300x178.jpg 300w, https:\/\/www.tesorivallesanclemente.it\/wp-content\/uploads\/2020\/04\/mappa-come-arrivare-768x456.jpg 768w, https:\/\/www.tesorivallesanclemente.it\/wp-content\/uploads\/2020\/04\/mappa-come-arrivare.jpg 1473w\" sizes=\"auto, (max-width: 1024px) 100vw, 1024px\" \/><\/figure>\n","protected":false},"excerpt":{"rendered":"<p>L\u2019abbazia di Sant\u2019Urbano sorge al centro della&nbsp;Valle di San Clemente. Una vallata ricca di storia e di tesori, che va dalla Vallesina, fino al Monte San Vicino. Storia L\u2019Abbazia di Sant\u2019Urbano sorge in mezzo ad un bellissimo prato verde in aperta campagna a circa 10 km di distanza dal centro del paese; dei motivi della [&hellip;]<\/p>\n","protected":false},"author":1,"featured_media":0,"parent":0,"menu_order":0,"comment_status":"closed","ping_status":"closed","template":"","meta":{"vkexunit_cta_each_option":"","footnotes":""},"class_list":["post-85","page","type-page","status-publish","hentry"],"_links":{"self":[{"href":"https:\/\/www.tesorivallesanclemente.it\/index.php?rest_route=\/wp\/v2\/pages\/85","targetHints":{"allow":["GET"]}}],"collection":[{"href":"https:\/\/www.tesorivallesanclemente.it\/index.php?rest_route=\/wp\/v2\/pages"}],"about":[{"href":"https:\/\/www.tesorivallesanclemente.it\/index.php?rest_route=\/wp\/v2\/types\/page"}],"author":[{"embeddable":true,"href":"https:\/\/www.tesorivallesanclemente.it\/index.php?rest_route=\/wp\/v2\/users\/1"}],"replies":[{"embeddable":true,"href":"https:\/\/www.tesorivallesanclemente.it\/index.php?rest_route=%2Fwp%2Fv2%2Fcomments&post=85"}],"version-history":[{"count":5,"href":"https:\/\/www.tesorivallesanclemente.it\/index.php?rest_route=\/wp\/v2\/pages\/85\/revisions"}],"predecessor-version":[{"id":158,"href":"https:\/\/www.tesorivallesanclemente.it\/index.php?rest_route=\/wp\/v2\/pages\/85\/revisions\/158"}],"wp:attachment":[{"href":"https:\/\/www.tesorivallesanclemente.it\/index.php?rest_route=%2Fwp%2Fv2%2Fmedia&parent=85"}],"curies":[{"name":"wp","href":"https:\/\/api.w.org\/{rel}","templated":true}]}}