{"id":361,"date":"2020-05-21T12:47:47","date_gmt":"2020-05-21T10:47:47","guid":{"rendered":"http:\/\/www.tesorivallesanclemente.it\/?page_id=361"},"modified":"2020-05-21T12:47:48","modified_gmt":"2020-05-21T10:47:48","slug":"alleanza-parchi-e-riserve-naturali","status":"publish","type":"page","link":"https:\/\/www.tesorivallesanclemente.it\/?page_id=361","title":{"rendered":"Alleanza Parchi e Riserve Naturali"},"content":{"rendered":"\n<figure class=\"wp-block-image size-large\"><img loading=\"lazy\" decoding=\"async\" width=\"1024\" height=\"252\" src=\"http:\/\/www.tesorivallesanclemente.it\/wp-content\/uploads\/2020\/05\/parchi-e-riserve-1024x252.jpg\" alt=\"\" class=\"wp-image-362\" srcset=\"https:\/\/www.tesorivallesanclemente.it\/wp-content\/uploads\/2020\/05\/parchi-e-riserve-1024x252.jpg 1024w, https:\/\/www.tesorivallesanclemente.it\/wp-content\/uploads\/2020\/05\/parchi-e-riserve-300x74.jpg 300w, https:\/\/www.tesorivallesanclemente.it\/wp-content\/uploads\/2020\/05\/parchi-e-riserve-768x189.jpg 768w, https:\/\/www.tesorivallesanclemente.it\/wp-content\/uploads\/2020\/05\/parchi-e-riserve-1536x378.jpg 1536w, https:\/\/www.tesorivallesanclemente.it\/wp-content\/uploads\/2020\/05\/parchi-e-riserve.jpg 1630w\" sizes=\"auto, (max-width: 1024px) 100vw, 1024px\" \/><\/figure>\n\n\n\n<h4 class=\"has-text-align-right wp-block-heading\"><strong><em>Ai consiglieri Regionali<\/em><\/strong><\/h4>\n\n\n\n<h4 class=\"has-text-align-right wp-block-heading\"><strong><em>Alla Stampa<\/em><\/strong><\/h4>\n\n\n\n<h3 class=\"has-text-align-center wp-block-heading\"><strong>I PARCHI E LE RISERVE NATURALI VANNO FINANZIATI<\/strong><\/h3>\n\n\n\n<p>La sfida ai cambiamenti climatici \u00e8 la grande emergenza con cui dobbiamo confrontarci quotidianamente e che deve entrare in via prioritaria, con urgenza, nell\u2019agenda della politica.<br>La lotta al contrasto degli effetti drammatici che il cambiamento climatico sta causando, in maniera differente ma pur sempre violenta, in tutto il mondo, pu\u00f2 rappresentare una grande occasione per innovare le nostre comunit\u00e0, aumentare la qualit\u00e0 della vita dei nostri territori e generare nuove occasioni di sviluppo sano e locale.<br>L\u2019ambiente e la sua salvaguardia devono essere lo strumento trasversale per leggere i cambiamenti in atto e per dare risposte ai giovani e a tutti i cittadini che chiedono un cambiamento radicale del rapporto tra politiche sociali ed economiche e ambiente.<br>Oltretutto non va dimenticato che, grazie alla sensibilit\u00e0 sviluppata negli anni e alle normative europee e nazionali, non tutelare l\u2019ambiente significa oggi incorrere in infrazioni e multe che sono a carico degli enti preposti al controllo e che quindi gravano sui cittadini.<br>Su questo l\u2019Europa ha fatto molto ed a lei si deve l\u2019obbligo dell\u2019innalzamento degli standard di qualit\u00e0 dell\u2019ambiente. La tutela dell\u2019acqua, dell\u2019aria, della biodiversit\u00e0 e il ciclo dei rifiuti sono sotto il mirino della Commissione Europea che obbliga i Paesi membri al rispetto degli obblighi previsti.<br>Su questo fronte il nostro Paese e la Regione Marche sono in ritardo e pendono sulle nostre teste diverse procedure di infrazione che rischiano di trasformarsi in multe.<br>Un primo esame sar\u00e0 affrontato a breve quando la Regione Marche proceder\u00e0 al periodico assestamento di bilancio nel quale dovranno trovare spazio ben maggiori finanziamenti per i parchi e le riserve naturali, anche per un necessario incremento delle aree tutelate previste fin dal PPAR del 1997, bloccato da anni propria per la carenza di fondi. Questi fondi dedicati sono diminuiti di molto a partire dal 2015 e dopo cinque anni essi non hanno permesso neanche di<br>attivare quelle necessarie iniziative di tutela attiva, promozione, educazione ai giovani che giustificano la esistenza dei parchi ch\u00e9 altrimenti basterebbero semplici vincoli.<br>Quindi, a maggior ragione, in vicinanza delle prossime elezioni regionali riteniamo che la amministrazione regionale debba fare ammenda della trascuratezza passata e dimostrare di aver compreso come, dopo il COVID 19, nulla potr\u00e0 essere uguale a prima. E sarebbe un bel segnale<br>se una volont\u00e0 in tal senso fosse portata a conoscenza della comunit\u00e0 marchigiana il 24 maggio p.v., in occasione della Giornata Europea dei Parchi nella quale si ricorda la istituzione del primo parco europeo in SVEZIA nel 1909.<\/p>\n\n\n\n<p><br><strong>La Alleanza della Associazioni Ambientaliste Marchigiane di: Club Alpino Italiano Marche, Forum Paesaggio, Italia Nostra, Lega Anti Caccia, Lega Anti Vivisezione, Legambiente, Lupus in Fabula, Federazione Pro Natura, WWF Italia.<\/strong><\/p>\n","protected":false},"excerpt":{"rendered":"<p>Ai consiglieri Regionali Alla Stampa I PARCHI E LE RISERVE NATURALI VANNO FINANZIATI La sfida ai cambiamenti climatici \u00e8 la grande emergenza con cui dobbiamo confrontarci quotidianamente e che deve entrare in via prioritaria, con urgenza, nell\u2019agenda della politica.La lotta al contrasto degli effetti drammatici che il cambiamento climatico sta causando, in maniera differente ma [&hellip;]<\/p>\n","protected":false},"author":1,"featured_media":0,"parent":0,"menu_order":0,"comment_status":"closed","ping_status":"closed","template":"","meta":{"vkexunit_cta_each_option":"","footnotes":""},"class_list":["post-361","page","type-page","status-publish","hentry"],"_links":{"self":[{"href":"https:\/\/www.tesorivallesanclemente.it\/index.php?rest_route=\/wp\/v2\/pages\/361","targetHints":{"allow":["GET"]}}],"collection":[{"href":"https:\/\/www.tesorivallesanclemente.it\/index.php?rest_route=\/wp\/v2\/pages"}],"about":[{"href":"https:\/\/www.tesorivallesanclemente.it\/index.php?rest_route=\/wp\/v2\/types\/page"}],"author":[{"embeddable":true,"href":"https:\/\/www.tesorivallesanclemente.it\/index.php?rest_route=\/wp\/v2\/users\/1"}],"replies":[{"embeddable":true,"href":"https:\/\/www.tesorivallesanclemente.it\/index.php?rest_route=%2Fwp%2Fv2%2Fcomments&post=361"}],"version-history":[{"count":1,"href":"https:\/\/www.tesorivallesanclemente.it\/index.php?rest_route=\/wp\/v2\/pages\/361\/revisions"}],"predecessor-version":[{"id":365,"href":"https:\/\/www.tesorivallesanclemente.it\/index.php?rest_route=\/wp\/v2\/pages\/361\/revisions\/365"}],"wp:attachment":[{"href":"https:\/\/www.tesorivallesanclemente.it\/index.php?rest_route=%2Fwp%2Fv2%2Fmedia&parent=361"}],"curies":[{"name":"wp","href":"https:\/\/api.w.org\/{rel}","templated":true}]}}