{"id":346,"date":"2020-05-15T20:30:37","date_gmt":"2020-05-15T18:30:37","guid":{"rendered":"http:\/\/www.tesorivallesanclemente.it\/?page_id=346"},"modified":"2020-05-15T20:30:39","modified_gmt":"2020-05-15T18:30:39","slug":"la-direzione-sbagliata","status":"publish","type":"page","link":"https:\/\/www.tesorivallesanclemente.it\/?page_id=346","title":{"rendered":"LA DIREZIONE SBAGLIATA"},"content":{"rendered":"\n<figure class=\"wp-block-image size-large\"><img loading=\"lazy\" decoding=\"async\" width=\"1024\" height=\"327\" src=\"http:\/\/www.tesorivallesanclemente.it\/wp-content\/uploads\/2020\/05\/direzione-sbagliata-1024x327.jpg\" alt=\"\" class=\"wp-image-347\" srcset=\"https:\/\/www.tesorivallesanclemente.it\/wp-content\/uploads\/2020\/05\/direzione-sbagliata-1024x327.jpg 1024w, https:\/\/www.tesorivallesanclemente.it\/wp-content\/uploads\/2020\/05\/direzione-sbagliata-300x96.jpg 300w, https:\/\/www.tesorivallesanclemente.it\/wp-content\/uploads\/2020\/05\/direzione-sbagliata-768x245.jpg 768w, https:\/\/www.tesorivallesanclemente.it\/wp-content\/uploads\/2020\/05\/direzione-sbagliata.jpg 1038w\" sizes=\"auto, (max-width: 1024px) 100vw, 1024px\" \/><\/figure>\n\n\n\n<p><\/p>\n\n\n\n<p>Non sembra che questa seconda fase del COVID 19 stia ben consigliando gli amministratori pubb,liei che proseguono nell&#8217;ignorare quella che dovrebbe essere la via maestra: tutelare i l&#8217;interesse pubblico quali i beni comuni, l&#8217;ambiente, i beni culturali per tutelare la salute e le fasce pi\u00f9 debolidella nostra societ\u00e0.<br>Ci si riferisce al tentativo di introdurre nel nuovo decreto nazionale &#8220;per il rilancio&#8221; un condono per gli abusi edilizi sul quale gi\u00e0 ltalia Nostra ha preso posizione contraria, poich\u00e9 sarebbe l&#8217;ennesima dimostrazione che chi male si comporta la avr\u00e0 sempre vinta perch\u00e9 sempre ci sar\u00e0 la possibilit\u00e0 di godere di una sanatoria in cambio di pochi spicci! Ed il paesaggio tutelato dall&#8217;art. 9 della Costituzione e le regole del vivere civile?<br>Poi non abbiamo nulla in contrario a ch\u00e9 i comuni concedano, magari gratuitamente, ai ristoratori e bar un aumento temporaneo delle superfici all&#8217;aperto per aiutarli economicamente ma ci\u00f2 non pu\u00d2 awenire contro le bellezze artistiche dei nostri centri storici, superando i vincoli delle soprintendenze. <\/p>\n\n\n\n<p>Ri_cordiamo che tali aree sono un patrimonio pubblico che hanno un valore artistico e culturale e che costituiscono anche un interesse economico per la loro attrattivit\u00e0 turistica. ln Ancona, ad esempio, ci sarebbe la possibilit\u00e0 di ignorare la distanza di rispetto davanti alle &#8220;13 cannelle&#8221;, imposta dopo una battaglia giudiziaria vinta dal Ministero per i Beni Culturali perch\u00e9 il buon senso non albergava nella pubblica amministrazione.<br>L&#8217;interesse privato batterebbe l&#8217;interesse pubblico mentre Ia Costituzione afferma, all&#8217;articolo 41, che l&#8217;iniziativa privata \u00e8 libera ma non pu\u00f2 svolgersi in contrasto con I&#8217;utilit\u00e0 sociale.<br>La Regione Marche infine ha approvato linee guide per la fruizione delle spiagge dove prevede che quelle poche strisce di spiaggia libera oggi ancora esistenti, possano essere dai Comuni temporaneamente assegnate ai concessionari (privati) di spiagge. E chi fino ad oggi \u00e8 potuto andare, per motivi economici, solo nelle poche spiagge ancora libere dovr\u00e0 rinunciare al mare?<br>Decisamente la direzione \u00e8 proprio quella sbagliata mentre nulla si progetta per l&#8217;abbandono del fossile, la lotta al cambiamento climatico, per una economia circolare, per lavori pubblici a contrasto del dissesto geologico, per la ricostruzione post terremoto e non per le solite inquinanti e spesso inutiligrandi opere.<\/p>\n\n\n\n<p class=\"has-text-align-center\"><br>                                                                                                            <strong>IL CONSIGLIO REGIONALE<\/strong><\/p>\n\n\n\n<p class=\"has-text-align-center\">&#8212;&#8212;&#8212;&#8212;&#8212;&#8212;&#8212;&#8212;&#8212;&#8212;&#8212;&#8212;&#8212;&#8212;&#8212;&#8212;&#8212;&#8212;&#8212;&#8212;&#8212;&#8212;&#8212;&#8212;&#8212;&#8212;&#8212;&#8212;&#8212;&#8212;&#8212;&#8212;&#8212;&#8212;&#8212;&#8212;&#8212;&#8212;-<br><strong>Sede: via Bonda,l\/b , 60121 Anco\u00c9a. celll.32718238123, email: marche@italianostra.orq<br>Posta certificata italianostramarcheancona@pec.it. Facebook: \u00abltalia Nostra Marche\u00bb La sede \u00e8 aperta di norma<br>venerd\u00ec ore 17-19 e su appuntamento<\/strong><\/p>\n","protected":false},"excerpt":{"rendered":"<p>Non sembra che questa seconda fase del COVID 19 stia ben consigliando gli amministratori pubb,liei che proseguono nell&#8217;ignorare quella che dovrebbe essere la via maestra: tutelare i l&#8217;interesse pubblico quali i beni comuni, l&#8217;ambiente, i beni culturali per tutelare la salute e le fasce pi\u00f9 debolidella nostra societ\u00e0.Ci si riferisce al tentativo di introdurre nel [&hellip;]<\/p>\n","protected":false},"author":1,"featured_media":0,"parent":0,"menu_order":0,"comment_status":"closed","ping_status":"closed","template":"","meta":{"vkexunit_cta_each_option":"","footnotes":""},"class_list":["post-346","page","type-page","status-publish","hentry"],"_links":{"self":[{"href":"https:\/\/www.tesorivallesanclemente.it\/index.php?rest_route=\/wp\/v2\/pages\/346","targetHints":{"allow":["GET"]}}],"collection":[{"href":"https:\/\/www.tesorivallesanclemente.it\/index.php?rest_route=\/wp\/v2\/pages"}],"about":[{"href":"https:\/\/www.tesorivallesanclemente.it\/index.php?rest_route=\/wp\/v2\/types\/page"}],"author":[{"embeddable":true,"href":"https:\/\/www.tesorivallesanclemente.it\/index.php?rest_route=\/wp\/v2\/users\/1"}],"replies":[{"embeddable":true,"href":"https:\/\/www.tesorivallesanclemente.it\/index.php?rest_route=%2Fwp%2Fv2%2Fcomments&post=346"}],"version-history":[{"count":1,"href":"https:\/\/www.tesorivallesanclemente.it\/index.php?rest_route=\/wp\/v2\/pages\/346\/revisions"}],"predecessor-version":[{"id":348,"href":"https:\/\/www.tesorivallesanclemente.it\/index.php?rest_route=\/wp\/v2\/pages\/346\/revisions\/348"}],"wp:attachment":[{"href":"https:\/\/www.tesorivallesanclemente.it\/index.php?rest_route=%2Fwp%2Fv2%2Fmedia&parent=346"}],"curies":[{"name":"wp","href":"https:\/\/api.w.org\/{rel}","templated":true}]}}