{"id":327,"date":"2020-05-05T23:25:29","date_gmt":"2020-05-05T21:25:29","guid":{"rendered":"http:\/\/www.tesorivallesanclemente.it\/?page_id=327"},"modified":"2020-05-05T23:29:42","modified_gmt":"2020-05-05T21:29:42","slug":"fase-2-un-contributo-rassicurante-verso-la-fase-3-maurizio-sebastiani","status":"publish","type":"page","link":"https:\/\/www.tesorivallesanclemente.it\/?page_id=327","title":{"rendered":"Fase 2: un contributo rassicurante verso la fase 3. Maurizio Sebastiani"},"content":{"rendered":"\n<p>Facciamo seguito con questo intervento del dott. Maurizio Sebastiani al primo suo contributo rilasciatoci all\u2019indomani<br>del lockdown. Una nota contenente precauzioni dettate dalle norme e dal buon senso volte a farci transitare verso le fase<br>3.<br>Care amiche ed amici,<br>ci eravamo ormai abituati a rimanere nelle nostre case che ci hanno difeso dal coronavirus e la nostra massima<br>attenzione \u00e8 stata rivolta, nel corso delle poche uscite per necessit\u00e0, a mettere la mascherina ed i guanti, a mantenere la<br>distanza di sicurezza e, magari, a disinfettare i contenitori con i quali abbiamo portato a casa cibo e medicine.<br>Il nostro maggiore investimento di successo, per la nostra salute, \u00e8 stato finora il nostro adeguarci alle norme di<br>prevenzione.<br>In questo periodo \u00e8 anche cambiata la percezione della ricchezza: il vero ricco \u00e8 stato chi ha avuto a disposizione un<br>balcone, magari ampio, dove camminare per non prendere eccessivo peso causa inattivit\u00e0 fisica e godere della propria<br>\u201cora d\u2019aria\u201d quotidiana. Non \u00e8 vero?<br>Ora siamo alla seconda fase della epidemia.<br>E\u2019 il rispetto delle regole adottato finora dalla stragrande maggioranza dei cittadini a rendere possibile la graduale<br>riapertura di fabbriche, uffici, negozi e pi\u00f9 avanti di bar e ristoranti. La motivazione dell\u2019apertura \u00e8 essenzialmente<br>economica ma essa \u00e8 resa possibile quasi esclusivamente dal valore inferiore ad \u201c1\u201d assunto dall\u2019ormai famoso indice<br>\u201cRo\u201d (che indica quante persone possono essere contagiate da un singolo infetto). Continuando a rispettare le regole il<br>numero dei contagiati si ridurr\u00e0 fino allo zero e ricordiamoci che questo \u201cRo\u201d \u00e8 sotto il valore di \u201c1\u201d solo per merito<br>nostro.<br>Allora se progressivamente stiamo riaprendo tutto o quasi (mancano ancora la scuola, i luoghi della cultura, i concerti, i<br>teatri, lo sport etc) \u00e8 finita la situazione di pericolo? Assolutamente no perch\u00e9 l\u2019aumento delle persone in giro, nei posti<br>di lavoro, sui mezzi di trasporto pubblico, nei negozi, aumenter\u00e0 il rischio di contagiarsi e certamente non aiuta il<br>conflittuale protagonismo da parte di presidenti di regione e sindaci, dei vari colori politici, nei confronti della \u201ccabina<br>di regia\u201d nazionale e tra di loro.<br>Cosa \u00e8 cambiato in positivo in questo periodo? Gli ospedali hanno acquisito esperienza ed hanno imparato a sostenere<br>un forte afflusso di malati Covid19, alcuni farmaci \u2013 seppur non specifici per il virus \u2013 sembrano avere effetti positivi<br>nella fase acuta (e niente non \u00e8!). Cosa non \u00e8 ancora avvenuto? Il potenziamento dei servizi di prevenzione sul territorio<br>per l\u2019indagine epidemiologica per l\u2019individuazione di tutti i positivi, anche asintomatici, e dei loro contatti con un loro<br>attento isolamento; la realizzazione di un maggior numero di tamponi, senza ritardi, anche agli asintomatici perch\u00e9<br>possono essere portatori del virus e di test sierologici affidabili; la creazione di un sicuro sistema di app telefonica per il<br>tracciamento dei contatti che corre il rischio di arrivare troppo tardi!<br>Come posso allora io ancora continuare a rassicuravi? In questa seconda fase della epidemia il ruolo di ciascuno di noi<br>continua ad essere fondamentale nello sconfiggere il virus e la cosa in s\u00e9 \u00e8 rassicurante perch\u00e9, se fin qui l\u2019abbiamo<br>fatto, non vedo il motivo per cui ora non dovremmo proseguire a farlo.<br>Cos\u00ec facendo arriveremo alla fase 3 quando, con un vaccino a disposizione, questo coronavirus non ci far\u00e0 pi\u00f9 paura.<br>Dal punto di vista psicologico \u00e8 dura perch\u00e9 non possiamo ancora rilassarci (come ci piacerebbe!) ma la situazione sta<br>andando nella giusta direzione (come Vi avevo gi\u00e0 anticipato nel precedente articolo) e quindi, se ognuno di noi<br>continuer\u00e0 a fare la propria parte, possiamo pensare di iniziare a vedere la fine di questa catastrofica ed inattesa vicenda.<br>E\u2019 certo che dopo molte cose dovranno cambiare! <\/p>\n\n\n\n<p>Dott. Maurizio Sebastiani<\/p>\n","protected":false},"excerpt":{"rendered":"<p>Facciamo seguito con questo intervento del dott. Maurizio Sebastiani al primo suo contributo rilasciatoci all\u2019indomanidel lockdown. Una nota contenente precauzioni dettate dalle norme e dal buon senso volte a farci transitare verso le fase3.Care amiche ed amici,ci eravamo ormai abituati a rimanere nelle nostre case che ci hanno difeso dal coronavirus e la nostra massimaattenzione [&hellip;]<\/p>\n","protected":false},"author":1,"featured_media":0,"parent":0,"menu_order":0,"comment_status":"closed","ping_status":"closed","template":"","meta":{"vkexunit_cta_each_option":"","footnotes":""},"class_list":["post-327","page","type-page","status-publish","hentry"],"_links":{"self":[{"href":"https:\/\/www.tesorivallesanclemente.it\/index.php?rest_route=\/wp\/v2\/pages\/327","targetHints":{"allow":["GET"]}}],"collection":[{"href":"https:\/\/www.tesorivallesanclemente.it\/index.php?rest_route=\/wp\/v2\/pages"}],"about":[{"href":"https:\/\/www.tesorivallesanclemente.it\/index.php?rest_route=\/wp\/v2\/types\/page"}],"author":[{"embeddable":true,"href":"https:\/\/www.tesorivallesanclemente.it\/index.php?rest_route=\/wp\/v2\/users\/1"}],"replies":[{"embeddable":true,"href":"https:\/\/www.tesorivallesanclemente.it\/index.php?rest_route=%2Fwp%2Fv2%2Fcomments&post=327"}],"version-history":[{"count":2,"href":"https:\/\/www.tesorivallesanclemente.it\/index.php?rest_route=\/wp\/v2\/pages\/327\/revisions"}],"predecessor-version":[{"id":331,"href":"https:\/\/www.tesorivallesanclemente.it\/index.php?rest_route=\/wp\/v2\/pages\/327\/revisions\/331"}],"wp:attachment":[{"href":"https:\/\/www.tesorivallesanclemente.it\/index.php?rest_route=%2Fwp%2Fv2%2Fmedia&parent=327"}],"curies":[{"name":"wp","href":"https:\/\/api.w.org\/{rel}","templated":true}]}}