{"id":293,"date":"2020-04-30T11:43:29","date_gmt":"2020-04-30T09:43:29","guid":{"rendered":"http:\/\/www.tesorivallesanclemente.it\/?page_id=293"},"modified":"2020-04-30T11:43:30","modified_gmt":"2020-04-30T09:43:30","slug":"crea-la-tua-foresta","status":"publish","type":"page","link":"https:\/\/www.tesorivallesanclemente.it\/?page_id=293","title":{"rendered":"CREA LA TUA FORESTA"},"content":{"rendered":"\n<hr class=\"wp-block-separator\"\/>\n\n\n\n<h2 class=\"wp-block-heading\">Italia Nostra per il 50\u00b0 anniversario della giornata della terra<\/h2>\n\n\n\n<figure class=\"wp-block-image size-large\"><img loading=\"lazy\" decoding=\"async\" width=\"991\" height=\"499\" src=\"http:\/\/www.tesorivallesanclemente.it\/wp-content\/uploads\/2020\/04\/canfaito1.jpg\" alt=\"\" class=\"wp-image-224\" srcset=\"https:\/\/www.tesorivallesanclemente.it\/wp-content\/uploads\/2020\/04\/canfaito1.jpg 991w, https:\/\/www.tesorivallesanclemente.it\/wp-content\/uploads\/2020\/04\/canfaito1-300x151.jpg 300w, https:\/\/www.tesorivallesanclemente.it\/wp-content\/uploads\/2020\/04\/canfaito1-768x387.jpg 768w\" sizes=\"auto, (max-width: 991px) 100vw, 991px\" \/><\/figure>\n\n\n\n<p><strong>PER IL 50 ANNIVERSARIO DELLA GIORNATA DELLA TERRA ITALIA NOSTRA CHIEDE AI SOCI DI CREARE LA<br>PROPRIA FORESTA SEMINANDO UNA PIANTINA A CASA<\/strong><\/p>\n\n\n\n<p><br>Siamo di fronte ad una crisi senza precedenti, con un allarme che non \u00e8 stato ancora compreso nella sua<br>interezza. La crisi del Covid-19 ha reso evidente ci\u00f2 che in tanti anni era stato bollato come ambientalismo<br>da salotto: aver degradato l\u2019ambiente ha favorito lo sviluppo della pandemia. Nel 50 anniversario della<br>giornata internazionale della Terra, lanciamo l\u2019idea di porre a dimora un seme nei nostri terrazzi per<br>seminare la speranza e la vita anche in un momento drammatico, cercando di elaborare politiche di<br>riforestazione \u201cdal basso\u201d e invertendo il pessimo trattamento che l\u2019uomo ha riservato al suo habitat.<br>Le specie animali e vegetali sono presenti in un numero sempre minore, addirittura per alcune, e il pensiero<br>corre alle api preziosissime impollinatrici, si studiano sistemi robotici alternativi. La desertificazione \u00e8 gi\u00e0 in<br>atto in alcune aree del pianeta. Nel mare isole intere di rifiuti galleggiano in vortici sempre pi\u00f9 prossimi alle<br>coste e le microplastiche che ne derivano sono entrate nella catena alimentare dell\u2019uomo.<br>Ogni giorno scompare una superficie forestale pari a venticinquemila campi da calcio. Nel 1990 il mondo<br>aveva 4128 milioni di ettari di foreste; nel 2015 questo valore era sceso a 3999 milioni di ettari con una<br>variazione dal 31,6% della superficie terrestre globale. (dati FAO). Tra il 1990 e il 2015 si \u00e8 verificata una<br>perdita netta di circa 129 milioni di ettari di foresta. La pi\u00f9 grande perdita di aree forestali si \u00e8 attestata nei<br>tropici, in particolare in Sud America e Africa. Questo fatto pu\u00f2 tradursi in esiti differenti: anzitutto in un<br>movimento migratorio di massa, aumento della concentrazione di anidride carbonica e della temperatura<br>del globo, perdita di biodiversit\u00e0 e specie viventi importantissime.<br>La comparsa del COVID-19 ci insegna per\u00f2 anche altro. L\u2019aver distrutto l\u2019habitat dell\u201980% della biodiversit\u00e0<br>terrestre ha causato lo squilibrio di quel sistema basato sul contenimento di virus, funghi, batteri e di tanti<br>organismi propri e sinora confinati in quegli ambiti territoriali. Le foreste hanno costituito da sempre un<br>filtro ed un antivirus naturale alla diffusione di microorganismi afferenti agli animali e letali per gli esseri<br>umani, come recentemente riportato dal WWF.<br>Riportare questo equilibrio in asse non \u00e8 impossibile. Le istituzioni, ad ogni livello, e le organizzazioni<br>internazionali tra le quali le Nazioni Unite e la FAO giocano un ruolo fondamentale, come pure i cittadini<br>che, con il loro stile di vita, i loro acquisti e il loro attivismo, detengono un potere non indifferente.<br>Iniziamo cos\u00ec a riempire di verde i nostri balconi in questo momento di chiusure forzate, dando vita a piccoli<br>germogli che poi, finita la quarantena, potremo metter a dimora nei parchi. E\u2019 sufficiente piantare un seme<br>di girasole, eseguire una moltiplicazione per talea, sostenere la crescita di un piccolo arbusto spontaneo<br>portato dal vento o dagli uccelli.<br>Seminiamo la vita e la speranza anche in questo momento drammatico.<\/p>\n\n\n\n<p><br>ITALIA NOSTRA<\/p>\n\n\n\n<p><\/p>\n","protected":false},"excerpt":{"rendered":"<p>Italia Nostra per il 50\u00b0 anniversario della giornata della terra PER IL 50 ANNIVERSARIO DELLA GIORNATA DELLA TERRA ITALIA NOSTRA CHIEDE AI SOCI DI CREARE LAPROPRIA FORESTA SEMINANDO UNA PIANTINA A CASA Siamo di fronte ad una crisi senza precedenti, con un allarme che non \u00e8 stato ancora compreso nella suainterezza. La crisi del Covid-19 [&hellip;]<\/p>\n","protected":false},"author":1,"featured_media":0,"parent":0,"menu_order":0,"comment_status":"closed","ping_status":"closed","template":"","meta":{"vkexunit_cta_each_option":"","footnotes":""},"class_list":["post-293","page","type-page","status-publish","hentry"],"_links":{"self":[{"href":"https:\/\/www.tesorivallesanclemente.it\/index.php?rest_route=\/wp\/v2\/pages\/293","targetHints":{"allow":["GET"]}}],"collection":[{"href":"https:\/\/www.tesorivallesanclemente.it\/index.php?rest_route=\/wp\/v2\/pages"}],"about":[{"href":"https:\/\/www.tesorivallesanclemente.it\/index.php?rest_route=\/wp\/v2\/types\/page"}],"author":[{"embeddable":true,"href":"https:\/\/www.tesorivallesanclemente.it\/index.php?rest_route=\/wp\/v2\/users\/1"}],"replies":[{"embeddable":true,"href":"https:\/\/www.tesorivallesanclemente.it\/index.php?rest_route=%2Fwp%2Fv2%2Fcomments&post=293"}],"version-history":[{"count":1,"href":"https:\/\/www.tesorivallesanclemente.it\/index.php?rest_route=\/wp\/v2\/pages\/293\/revisions"}],"predecessor-version":[{"id":295,"href":"https:\/\/www.tesorivallesanclemente.it\/index.php?rest_route=\/wp\/v2\/pages\/293\/revisions\/295"}],"wp:attachment":[{"href":"https:\/\/www.tesorivallesanclemente.it\/index.php?rest_route=%2Fwp%2Fv2%2Fmedia&parent=293"}],"curies":[{"name":"wp","href":"https:\/\/api.w.org\/{rel}","templated":true}]}}