{"id":223,"date":"2020-04-24T15:29:53","date_gmt":"2020-04-24T13:29:53","guid":{"rendered":"http:\/\/www.tesorivallesanclemente.it\/?page_id=223"},"modified":"2020-04-24T15:29:54","modified_gmt":"2020-04-24T13:29:54","slug":"riserva-naturale-del-monte-san-vicino-e-canfaito","status":"publish","type":"page","link":"https:\/\/www.tesorivallesanclemente.it\/?page_id=223","title":{"rendered":"Riserva Naturale del Monte San Vicino e Canfaito"},"content":{"rendered":"\n<figure class=\"wp-block-image size-large\"><img loading=\"lazy\" decoding=\"async\" width=\"991\" height=\"499\" src=\"http:\/\/www.tesorivallesanclemente.it\/wp-content\/uploads\/2020\/04\/canfaito1.jpg\" alt=\"\" class=\"wp-image-224\" srcset=\"https:\/\/www.tesorivallesanclemente.it\/wp-content\/uploads\/2020\/04\/canfaito1.jpg 991w, https:\/\/www.tesorivallesanclemente.it\/wp-content\/uploads\/2020\/04\/canfaito1-300x151.jpg 300w, https:\/\/www.tesorivallesanclemente.it\/wp-content\/uploads\/2020\/04\/canfaito1-768x387.jpg 768w\" sizes=\"auto, (max-width: 991px) 100vw, 991px\" \/><\/figure>\n\n\n\n<p>La Strategia paneuropea della diversit\u00e0 biologica e paesaggistica nonch\u00e9 la Convenzione europea sul paesaggio hanno impresso una svolta rilevante alle politiche di tutela paesistica al cui centro si pongono le istanze di tutela di un territorio ed hanno fornito un contributo sostanziale nel passaggio da una visione a compartimenti stagni quasi passiva, o comunque complessivamente isolata, a politiche attive di sistema per cui solo attraverso il coordinamento delle politiche settoriali dei soggetti preposti al governo del territorio si potr\u00e0 garantire la salvaguardia delle specie, degli habitat ed il mantenimento o il ripristino di tutta la matrice ambientale di fondo.<\/p>\n\n\n\n<p>Molteplici sono i significati che un paesaggio pu\u00f2 esprimere ma \u00e8 nel loro insieme che si racchiude il valore proprio del paesaggio stesso che non \u00e8 pi\u00f9 solo ecologico, e quindi propriamente scientifico o accademico, ma \u00e8 anche la componente essenziale di un contesto di vita delle popolazioni che hanno nel tempo inciso profondamente i territori con le loro tradizioni, le loro culture e le loro attivit\u00e0.<\/p>\n\n\n\n<p>La diversit\u00e0 paesistica, \u00e8 pertanto il risultato di un\u2019azione congiunta di processi naturali e antropici che agiscono su diverse scale spazio-temporali che si collega alla diversificazione delle culture, delle strutture economiche e sociali e delle organizzazioni territoriali che plasmano i paesaggi, modificandone il senso e il ruolo per le societ\u00e0 contemporanee. Tra la diversificazione del patrimonio biologico e quella paesistica, economica, sociale e culturale si registrano affinit\u00e0 e interconnessioni, nel passato e nel presente, che condizionano profondamente l\u2019azione progettuale e le prospettive di pianificazione.<\/p>\n\n\n\n<p>La Riserva Naturale Regionale del Monte San Vicino e del Monte Canfaito esprime profondamente questa sintesi in tutto il suo territorio in cui spiccano elementi di assoluta rilevanza che ne contraddistinguono e ne definiscono i tratti caratterizzanti come il Monte San Vicino, con i suoi diversi profili, e l\u2019altipiano di Canfaito con la sua incomparabile faggeta in una matrice articolata in cui si alternano ecosistemi agricoli, di prateria e forestali.<\/p>\n\n\n\n<figure class=\"wp-block-gallery columns-1 is-cropped wp-block-gallery-1 is-layout-flex wp-block-gallery-is-layout-flex\"><ul class=\"blocks-gallery-grid\"><li class=\"blocks-gallery-item\"><figure><img loading=\"lazy\" decoding=\"async\" width=\"991\" height=\"376\" src=\"http:\/\/www.tesorivallesanclemente.it\/wp-content\/uploads\/2020\/04\/sanvicino1.jpg\" alt=\"\" data-id=\"225\" data-full-url=\"http:\/\/www.tesorivallesanclemente.it\/wp-content\/uploads\/2020\/04\/sanvicino1.jpg\" data-link=\"http:\/\/www.tesorivallesanclemente.it\/?attachment_id=225\" class=\"wp-image-225\" srcset=\"https:\/\/www.tesorivallesanclemente.it\/wp-content\/uploads\/2020\/04\/sanvicino1.jpg 991w, https:\/\/www.tesorivallesanclemente.it\/wp-content\/uploads\/2020\/04\/sanvicino1-300x114.jpg 300w, https:\/\/www.tesorivallesanclemente.it\/wp-content\/uploads\/2020\/04\/sanvicino1-768x291.jpg 768w\" sizes=\"auto, (max-width: 991px) 100vw, 991px\" \/><\/figure><\/li><\/ul><\/figure>\n\n\n\n<p>Fonte Sito  <\/p>\n\n\n\n<p><a href=\"http:\/\/www.riservamontesanvicino.it\/natura\/il-valore-del-paesaggio\/\">http:\/\/www.riservamontesanvicino.it\/<\/a><\/p>\n","protected":false},"excerpt":{"rendered":"<p>La Strategia paneuropea della diversit\u00e0 biologica e paesaggistica nonch\u00e9 la Convenzione europea sul paesaggio hanno impresso una svolta rilevante alle politiche di tutela paesistica al cui centro si pongono le istanze di tutela di un territorio ed hanno fornito un contributo sostanziale nel passaggio da una visione a compartimenti stagni quasi passiva, o comunque complessivamente [&hellip;]<\/p>\n","protected":false},"author":1,"featured_media":0,"parent":0,"menu_order":0,"comment_status":"closed","ping_status":"closed","template":"","meta":{"vkexunit_cta_each_option":"","footnotes":""},"class_list":["post-223","page","type-page","status-publish","hentry"],"_links":{"self":[{"href":"https:\/\/www.tesorivallesanclemente.it\/index.php?rest_route=\/wp\/v2\/pages\/223","targetHints":{"allow":["GET"]}}],"collection":[{"href":"https:\/\/www.tesorivallesanclemente.it\/index.php?rest_route=\/wp\/v2\/pages"}],"about":[{"href":"https:\/\/www.tesorivallesanclemente.it\/index.php?rest_route=\/wp\/v2\/types\/page"}],"author":[{"embeddable":true,"href":"https:\/\/www.tesorivallesanclemente.it\/index.php?rest_route=\/wp\/v2\/users\/1"}],"replies":[{"embeddable":true,"href":"https:\/\/www.tesorivallesanclemente.it\/index.php?rest_route=%2Fwp%2Fv2%2Fcomments&post=223"}],"version-history":[{"count":1,"href":"https:\/\/www.tesorivallesanclemente.it\/index.php?rest_route=\/wp\/v2\/pages\/223\/revisions"}],"predecessor-version":[{"id":227,"href":"https:\/\/www.tesorivallesanclemente.it\/index.php?rest_route=\/wp\/v2\/pages\/223\/revisions\/227"}],"wp:attachment":[{"href":"https:\/\/www.tesorivallesanclemente.it\/index.php?rest_route=%2Fwp%2Fv2%2Fmedia&parent=223"}],"curies":[{"name":"wp","href":"https:\/\/api.w.org\/{rel}","templated":true}]}}