{"id":100,"date":"2020-04-08T22:52:56","date_gmt":"2020-04-08T20:52:56","guid":{"rendered":"http:\/\/www.tesorivallesanclemente.it\/?page_id=100"},"modified":"2020-04-28T01:50:23","modified_gmt":"2020-04-27T23:50:23","slug":"statuto","status":"publish","type":"page","link":"https:\/\/www.tesorivallesanclemente.it\/?page_id=100","title":{"rendered":"STATUTO"},"content":{"rendered":"\n<p><strong>ART. 1<\/strong><\/p>\n\n\n\n<p><strong><u>COSTITUZIONE, SEDE E DURATA<\/u><\/strong><\/p>\n\n\n\n<p>\u00c8 liberamente costituita l\u2019associazione non riconosciuta denominata <em>\u201cI tesori della Valle di San Clemente\u201d, <\/em>con sede ad Apiro (MC), Via del Biroccio n. 13; essa \u00e8 regolata dal presente Statuto e dalle vigenti norme del codice civile in materia di associazioni non riconosciute.<\/p>\n\n\n\n<p>Il trasferimento della sede legale all\u2019interno del territorio dei Comuni di Apiro e Poggio San Vicino non comporta modifica statutaria ed \u00e8 deliberata dal Consiglio Direttivo che provveder\u00e0 anche alla successiva comunicazione agli uffici competenti.<\/p>\n\n\n\n<p>La durata dell\u2019Associazione \u00e8 illimitata; l\u2019esercizio sociale, ad eccezione del primo, si apre l\u20191 gennaio e si chiude il 31 dicembre di ogni anno.<\/p>\n\n\n\n<p><strong>ART. 2<\/strong><\/p>\n\n\n\n<p><strong><u>SCOPI E ATTIVIT\u00c0 DELL\u2019ASSOCIAZIONE<\/u><\/strong><\/p>\n\n\n\n<p>L\u2019Associazione non persegue finalit\u00e0 di lucro ed ha lo scopo di concorrere alla promozione, conservazione, valorizzazione e tutela del patrimonio storico, architettonico, artistico, culturale e naturale del territorio dei Comuni di Apiro (MC) e Poggio San Vicino (MC), anche nella sua dimensione ambientale.<\/p>\n\n\n\n<p>Per il conseguimento dello scopo sociale, l\u2019Associazione si propone come attivit\u00e0 istituzionale di:<\/p>\n\n\n\n<p>&#8211; assumere iniziative per la tutela del patrimonio storico, architettonico, artistico, culturale e naturale del territorio dei Comuni di Apiro e Poggio San Vicino, anche nella sua dimensione ambientale;<\/p>\n\n\n\n<p>&#8211; promuovere la conoscenza e la valorizzazione del patrimonio storico, architettonico, artistico, culturale e naturale del territorio dei Comuni di Apiro e Poggio San Vicino attraverso l\u2019organizzazione di incontri, seminari, conferenze, attivit\u00e0 di studio e di ricerca, anche in collaborazione con associazioni ed altri enti aventi finalit\u00e0 analoghe, studiosi, esperti ed Amministrazioni Pubbliche;<\/p>\n\n\n\n<p>&#8211; promuovere iniziative editoriali conformi agli scopi sociali anche attraverso i nuovi strumenti di comunicazione del web, oltre a guide, mappe e pubblicazioni specifiche;<\/p>\n\n\n\n<p>&#8211; coinvolgere istituti scolastici in attivit\u00e0 formative e nella programmazione di visite volte alla conoscenza del suindicato patrimonio storico, architettonico, artistico, culturale e naturale;<\/p>\n\n\n\n<p>&#8211; sensibilizzare le Istituzioni Locali, le altre Amministrazioni Pubbliche e l\u2019opinione pubblica locale sulle problematiche legate all\u2019accessibilit\u00e0 e alla fruizione collettiva anche delle future generazioni dei beni appartenenti al pi\u00f9 volte citato patrimonio storico, architettonico, artistico, culturale e naturale;<\/p>\n\n\n\n<p>&#8211; promuovere progetti finalizzati ad accrescere e migliorare l\u2019accessibilit\u00e0 e la fruizione collettiva a detto patrimonio;<\/p>\n\n\n\n<p>&#8211; sollecitare la manutenzione e la cura dei beni appartenenti al pi\u00f9 volte citato patrimonio, nonch\u00e9 una sua appropriata conservazione e salvaguardia, anche nella sua dimensione ambientale, al fine di consentirne la fruizione da parte della collettivit\u00e0 e delle future generazioni;<\/p>\n\n\n\n<p>&#8211; sollecitare le Istituzioni Locali per la realizzazione di progetti volti a recupero, riqualificazione e riuso dei centri storici del territorio dei Comuni di Apiro e Poggio San Vicino anche al fine di perseguire l\u2019ulteriore obiettivo di limitare il consumo di suolo nel territorio di detti Comuni;<\/p>\n\n\n\n<p>&#8211; sollecitare ed indurre l\u2019applicazione delle leggi vigenti e promuovere ogni pi\u00f9 opportuna azione dinanzi le competenti autorit\u00e0 al fine di impedire pregiudizi, alterazioni o lesioni del patrimonio storico, architettonico, artistico, culturale e naturale del territorio dei Comuni di Apiro e Poggio San Vicino, anche nella sua dimensione ambientale e di garantirne un\u2019adeguata fruizione alla collettivit\u00e0 anche in futuro;<\/p>\n\n\n\n<p>&#8211; promuovere ed assumere iniziative od azioni comuni con associazioni ed altri enti aventi finalit\u00e0 analoghe;<\/p>\n\n\n\n<p>&#8211; assumere qualsiasi altra iniziativa utile od opportuna per il raggiungimento dello scopo sociale.<\/p>\n\n\n\n<p><strong>ART. 3<\/strong><\/p>\n\n\n\n<p><strong>CARATTERE DELL\u2019ASSOCIAZIONE<\/strong><\/p>\n\n\n\n<p>L\u2019Associazione \u00e8 apartitica e aconfessionale; essa non ammette discriminazioni di razza, di sesso, di lingua e di religione.<\/p>\n\n\n\n<p><strong>ART. 4<\/strong><\/p>\n\n\n\n<p><strong><u>PATRIMONIO DELL\u2019ASSOCIAZIONE<\/u><\/strong><\/p>\n\n\n\n<p>Il patrimonio dell\u2019Associazione, oltre che dalle quote versate dai soci, \u00e8 costituito:<\/p>\n\n\n\n<p>&#8211; da eventuali beni mobili ed immobili che diverranno propriet\u00e0 dell\u2019Associazione;<\/p>\n\n\n\n<p>&#8211; da eventuali fondi di riserva costituiti con le eccedenze di bilancio;<\/p>\n\n\n\n<p>&#8211; da eventuali erogazioni, donazioni e lasciti.<\/p>\n\n\n\n<p>L\u2019Associazione potr\u00e0 porre in essere raccolte fondi e, in generale, tutte le iniziative volte a finanziare la propria attivit\u00e0, compresa la richiesta a terzi di lasciti, donazioni e contributi di natura non corrispettiva.<\/p>\n\n\n\n<p>Il patrimonio dell\u2019Associazione, incluse rendite, proventi ed entrate comunque denominate, viene utilizzato esclusivamente per lo svolgimento dell\u2019attivit\u00e0 istituzionale prevista nel presente Statuto al fine di perseguire lo scopo sociale.<\/p>\n\n\n\n<p>\u00c8 vietata pertanto la distribuzione anche indiretta di utili ed avanzi di gestione, fondi e riserve comunque denominate a soci, collaboratori ed amministratori, anche nel caso di recesso o in ogni altra ipotesi di scioglimento individuale del rapporto associativo.<\/p>\n\n\n\n<p><strong>ART. 5<\/strong><\/p>\n\n\n\n<p><strong><u>SOCI<\/u><\/strong><\/p>\n\n\n\n<p>Possono essere soci dell\u2019Associazione le persone fisiche la cui domanda di ammissione verr\u00e0 accettata dal Consiglio Direttivo e che verseranno, all\u2019atto dell\u2019ammissione, la quota di iscrizione, ascendente attualmente ad \u20ac 50,00, che potr\u00e0 essere modificata dallo stesso Consiglio Direttivo.<\/p>\n\n\n\n<p>Il Consiglio Direttivo dovr\u00e0 enunciare solo all\u2019assemblea dei soci, su richiesta di uno o pi\u00f9 soci, la motivazione di eventuale rigetto della domanda di ammissione.<\/p>\n\n\n\n<p>Nessuna motivazione dell\u2019eventuale provvedimento di rigetto dovr\u00e0 essere invece comunicata all\u2019interessato, non sussistendo alcun diritto di terzi all\u2019ammissione.<\/p>\n\n\n\n<p>La qualifica di socio d\u00e0 diritto:<\/p>\n\n\n\n<p>&#8211; a partecipare alle attivit\u00e0 promosse dall\u2019Associazione;<\/p>\n\n\n\n<p>&#8211; ad esprimere il diritto di voto nell\u2019assemblea dei soci decorsi 2 (due) mesi dall\u2019ammissione.<\/p>\n\n\n\n<p>Inoltre dalla qualifica di socio discende il dovere di:<\/p>\n\n\n\n<p>&#8211; adottare comportamenti conformi alle finalit\u00e0 dell\u2019Associazione ed improntati alla correttezza nei confronti degli altri soci e di terzi;<\/p>\n\n\n\n<p>&#8211; astenersi da qualsiasi atto che possa arrecare pregiudizio all\u2019Associazione;<\/p>\n\n\n\n<p>&#8211; rispettare lo Statuto, gli eventuali regolamenti interni e le deliberazioni adottate dagli Organi dell\u2019Associazione;<\/p>\n\n\n\n<p>&#8211; versare la quota di iscrizione e quella associativa annuale che verr\u00e0 stabilit\u00e0 di volta in volta dal Consiglio Direttivo.<\/p>\n\n\n\n<p><strong>ART. 6<\/strong><\/p>\n\n\n\n<p><strong>VERSAMENTI DEI SOCI<\/strong><\/p>\n\n\n\n<p>L\u2019adesione all\u2019Associazione non comporta in alcun modo obblighi di esborsi ulteriori rispetto al versamento della quota di iscrizione e della quota associativa annuale; pur tuttavia rientra nella facolt\u00e0 di ciascun socio effettuare versamenti aggiuntivi di qualsiasi entit\u00e0 rispetto a quelli dovuti.<\/p>\n\n\n\n<p>Ciascun socio non potr\u00e0 comunque chiedere la restituzione di quanto versato in nessun caso, incluse ipotesi di scioglimento dell\u2019Associazione o di cessazione del rapporto associativo per morte, recesso, espulsione o per qualsiasi ulteriore diversa causa, stante l\u2019esclusiva finalit\u00e0 ideale di cui \u00e8 connotata l\u2019Associazione.<\/p>\n\n\n\n<p>Il versamento non crea alcun diritto di partecipazione e, segnatamente, non crea quote indivise di partecipazione, meno che mai trasmissibili a terzi, n\u00e9 per successione a titolo particolare, n\u00e9 per successione a titolo universale, n\u00e9 per atto tra vivi, n\u00e9 a causa di morte.<\/p>\n\n\n\n<p><strong>ART. 7<\/strong><\/p>\n\n\n\n<p><strong>PERDITA DELLA QUALIFICA DI SOCIO<\/strong><\/p>\n\n\n\n<p>I soci cessano di far parte dell\u2019Associazione nei seguenti casi:<\/p>\n\n\n\n<p>&#8211; recesso del socio comunicato per iscritto al Presidente del Consiglio Direttivo almeno un mese prima dello scadere dell\u2019esercizio sociale;<\/p>\n\n\n\n<p>&#8211; esclusione del socio, che potr\u00e0 essere deliberata dall\u2019assemblea dei soci per gravi motivi: integra il requisito della <em>\u201cgravit\u00e0\u201d<\/em> (i) la violazione del generale obbligo di collaborazione e rispetto nei confronti degli altri soci e delle cariche sociali, (ii) il comportamento del socio contrario con lo scopo sociale o lesivo del buon nome dell\u2019Associazione, (iii) l\u2019indegnit\u00e0 morale del socio, (iv) l\u2019espressione del dissenso o della critica all\u2019operato dell\u2019Associazione effettuata all\u2019esterno della stessa con modalit\u00e0 che possano ledere il buon nome dell\u2019Associazione od il perseguimento dello scopo sociale. &nbsp;<\/p>\n\n\n\n<p>&#8211; mancato pagamento della quota associativa annuale entro 120 (centoventi) giorni dalla fine dell\u2019esercizio sociale per la quale \u00e8 dovuta;<\/p>\n\n\n\n<p>&#8211; morte del socio;<\/p>\n\n\n\n<p>&#8211; scioglimento dell\u2019Associazione.<\/p>\n\n\n\n<p><strong>ART. 8<\/strong><\/p>\n\n\n\n<p><strong>ORGANI SOCIALI<\/strong><\/p>\n\n\n\n<p>Organi dell\u2019Associazione sono:<\/p>\n\n\n\n<p>&#8211; l\u2019assemblea dei soci;<\/p>\n\n\n\n<p>&#8211; il Consiglio Direttivo.<\/p>\n\n\n\n<p><strong>ART. 9<\/strong><\/p>\n\n\n\n<p><strong>L\u2019ASSEMBLEA DEI SOCI<\/strong><\/p>\n\n\n\n<p>L\u2019assemblea dei soci deve essere convocata almeno una volta l\u2019anno entro il quarto mese dalla chiusura dell\u2019esercizio sociale per l\u2019approvazione del bilancio consuntivo.<\/p>\n\n\n\n<p>L\u2019assemblea dei soci \u00e8 inoltre convocata, per decisione del Consiglio Direttivo o su richiesta di 1\/3 (un\/terzo) dei soci da indirizzare al Consiglio Direttivo, dal Presidente del Consiglio Direttivo nel termine di 30 (trenta) giorni, dalla decisione o dalla richiesta.<\/p>\n\n\n\n<p>In mancanza, sono tenuti a provvedere, senza ritardo, in ordine successivo, il Vice-Presidente ed il Tesoriere.<\/p>\n\n\n\n<p>&nbsp;In caso di dimissioni del Consiglio Direttivo, il Presidente del Consiglio dimissionario o, in mancanza, in ordine successivo, il Vice-Presidente ed il Tesoriere sono tenuti a convocare l\u2019assemblea dei soci entro 30 (trenta) giorni dalla data delle dimissioni.<\/p>\n\n\n\n<p>La convocazione dei soci sar\u00e0 fatta per lettera semplice o per posta elettronica ordinaria o a mezzo fax, con avviso da inviare almeno otto giorni prima della data stabilita contenente gli argomenti posti all\u2019ordine del giorno, nonch\u00e9 il luogo, il giorno e l\u2019ora dell\u2019assemblea, sia in prima che in seconda convocazione; quest\u2019ultima deve essere fissata almeno 24 (ventiquattro) ore dopo la prima convocazione.<\/p>\n\n\n\n<p>Salvo quanto previsto al successivo art. 16, l\u2019assemblea dei soci per deliberare sulle proposte di modifica dello Statuto \u00e8 validamente costituita, in prima convocazione, con la presenza di almeno i 2\/3 (due\/terzi) dei soci e, in seconda convocazione, con la presenza di almeno la met\u00e0 pi\u00f9 uno dei soci; negli altri casi \u00e8 validamente costituita, in prima convocazione, con la presenza di almeno la met\u00e0 pi\u00f9 uno dei soci e, in seconda convocazione, qualunque sia il numero dei soci.<\/p>\n\n\n\n<p>\u00c8 ammesso l\u2019intervento per delega da conferirsi per iscritto esclusivamente ad altro socio. Ogni socio non pu\u00f2 avere pi\u00f9 di una delega.<\/p>\n\n\n\n<p>L\u2019assemblea \u00e8 presieduta dal Presidente del Consiglio Direttivo o, in caso di sua assenza, in ordine successivo, dal Vice-Presidente o da persona designata dall\u2019assemblea.<\/p>\n\n\n\n<p>Salvo quanto previsto al successivo art. 16, l\u2019assemblea dei soci in tutti gli altri casi delibera, sia in prima che in seconda convocazione, con il voto favorevole della met\u00e0 pi\u00f9 uno dei presenti. In caso di parit\u00e0 di voti l\u2019assemblea deve essere chiamata subito a votare una seconda volta, in caso di ulteriore parit\u00e0 il voto del presidente dell\u2019assemblea vale doppio.<\/p>\n\n\n\n<p><strong>ART. 10<\/strong><\/p>\n\n\n\n<p><strong>COMPITI DELL\u2019ASSEMBLEA DEI SOCI<\/strong><\/p>\n\n\n\n<p>All\u2019assemblea dei soci spettano i seguenti compiti:<\/p>\n\n\n\n<p>a. discutere e deliberare sul bilancio consuntivo e sulla relazione consuntiva del Consiglio Direttivo;<\/p>\n\n\n\n<p>b. nominare, ad eccezione dei primi componenti, e revocare per giusta causa i membri del Consiglio Direttivo;<\/p>\n\n\n\n<p>c. approvare eventuali regolamenti attuativi dello Statuto, inclusi regolamenti in ordine ai lavori degli Organi dell\u2019Associazione, che il Consiglio Direttivo reputi di predisporre;<\/p>\n\n\n\n<p>d. deliberare l\u2019azione di responsabilit\u00e0 nei confronti dei componenti del Consiglio Direttivo;<\/p>\n\n\n\n<p>e. deliberare sull\u2019esclusione dei soci;<\/p>\n\n\n\n<p>f. discutere e deliberare su ogni altro argomento posto all\u2019ordine del giorno;<\/p>\n\n\n\n<p>g. discutere e deliberare sulla relazione annuale delle attivit\u00e0 svolte e gli obiettivi raggiunti predisposta dal Consiglio Direttivo;<\/p>\n\n\n\n<p>h. deliberare sulla trasformazione, fusione, scissione e scioglimento dell\u2019Associazione, nonch\u00e9 sulla devoluzione del patrimonio dell\u2019Associazione;<\/p>\n\n\n\n<p>i. deliberare sulle proposte di modifica dello statuto.<\/p>\n\n\n\n<p><strong>ART. 11<\/strong><\/p>\n\n\n\n<p><strong>IL CONSIGLIO DIRETTIVO<\/strong><\/p>\n\n\n\n<p>Il Consiglio Direttivo \u00e8 formato da 3 (tre) membri nominati, ad eccezione dei primi componenti, dall\u2019assemblea dei soci fra i soci dell\u2019Associazione e dura in carica 4 (quattro) anni.<\/p>\n\n\n\n<p>Al termine del mandato i consiglieri possono essere rieletti.<\/p>\n\n\n\n<p>Non pu\u00f2 essere nominato consigliere, e se nominato decade dal suo ufficio, l&#8217;interdetto, l&#8217;inabilitato, il fallito, o chi \u00e8 stato condannato ad una pena che importa l&#8217;interdizione, anche temporanea, dai pubblici uffici o l&#8217;incapacit\u00e0 ad esercitare uffici direttivi.<\/p>\n\n\n\n<p>Il Consiglio Direttivo elegge nel suo seno: il Presidente, il Vice-Presidente ed il Tesoriere.<\/p>\n\n\n\n<p>Tutte le cariche associative vengono conferite ed assunte a titolo gratuito, salvo il rimborso delle spese vive sostenute per conto e nell\u2019interesse dell\u2019Associazione e debitamente documentate.<\/p>\n\n\n\n<p>In caso di dimissioni, decesso, decadenza o altro impedimento di uno dei componenti, subentrer\u00e0 il socio che ha riportato il maggior numero di voti dopo l\u2019ultimo eletto nelle elezioni del Consiglio. A parit\u00e0 di voti la nomina spetta al socio che ha la maggiore anzianit\u00e0 di iscrizione.<\/p>\n\n\n\n<p>Nel caso di dimissioni o di cessazione dalla carica per qualsiasi altra causa di pi\u00f9 d\u2019uno dei componenti decadono anche gli altri eventuali componenti del Consiglio Direttivo e quest\u2019ultimo resta in carica solo per il disbrigo degli affari di ordinaria amministrazione sino alla nomina del nuovo Consiglio Direttivo.<\/p>\n\n\n\n<p>Il consigliere assente senza giustificato motivo per tre riunioni consecutive o comunque per tre riunioni nell\u2019arco di un anno decade automaticamente dall\u2019incarico con conseguente sua sostituzione con le modalit\u00e0 previste dallo Statuto.<\/p>\n\n\n\n<p>I membri del Consiglio Direttivo possono ricoprire cariche sociali in altre associazioni.<\/p>\n\n\n\n<p>Le riunioni del Consiglio Direttivo devono essere convocate dal Presidente per lettera semplice o per posta elettronica ordinaria o a mezzo fax, con avviso da inviare almeno 3 (tre) giorni prima della data stabilita contenente gli argomenti posti all\u2019ordine del giorno. In difetto di convocazione formale e\/o senza il rispetto del termine anzidetto le adunanze saranno ugualmente valide qualora alla riunione partecipino tutti i componenti del Consiglio Direttivo.<\/p>\n\n\n\n<p>Le riunioni del Consiglio Direttivo sono valide con la presenza di almeno la maggioranza dei suoi componenti e sono presiedute dal Presidente o, in sua assenza, dal Vice-presidente.<\/p>\n\n\n\n<p>Il Consiglio Direttivo delibera a maggioranza semplice, per alzata di mano, in base al numero dei presenti. In caso di parit\u00e0 di voti prevale il voto del Presidente.<\/p>\n\n\n\n<p>Le sedute e le deliberazioni del Consiglio sono fatte constare dal processo verbale sottoscritto dal soggetto che presiede la seduta.<\/p>\n\n\n\n<p><strong>ART. 12<\/strong><\/p>\n\n\n\n<p><strong>COMPITI DEL CONSIGLIO DIRETTIVO<\/strong><\/p>\n\n\n\n<p>Al Consiglio Direttivo spettano i seguenti compiti:<\/p>\n\n\n\n<p>a. esercitare senza limitazioni i pi\u00f9 ampi poteri di ordinaria e straordinaria amministrazione;<\/p>\n\n\n\n<p>b. deliberare la convocazione dell\u2019assemblea dei soci;<\/p>\n\n\n\n<p>c. dare esecuzione alle delibere assembleari;<\/p>\n\n\n\n<p>d. predisporre la relazione annuale delle attivit\u00e0 svolte e gli obiettivi raggiunti da sottoporre all\u2019assemblea dei soci;<\/p>\n\n\n\n<p>e. deliberare su qualsiasi questione riguardante l\u2019attivit\u00e0 dell\u2019associazione per l\u2019attuazione delle sue finalit\u00e0, assumendo tutte le iniziative del caso;<\/p>\n\n\n\n<p>f. approvare lo schema di bilancio consuntivo da sottoporre all\u2019assemblea dei soci;<\/p>\n\n\n\n<p>g. autorizzare il Presidente del Consiglio Direttivo ad agire o resistere in giudizio;<\/p>\n\n\n\n<p>h. deliberare sulle domande di ammissione all\u2019Associazione;<\/p>\n\n\n\n<p>i. deliberare su ogni altra questione sottoposta al suo esame dal Presidente o da qualsiasi componente del Consiglio Direttivo;<\/p>\n\n\n\n<p>l. deliberare sull\u2019adesione e partecipazione dell\u2019Associazione ad enti senza scopo di lucro che interessano l\u2019attivit\u00e0 dell\u2019Associazione stessa, designandone i rappresentanti da scegliere tra i soci;<\/p>\n\n\n\n<p>m. predisporre eventuali regolamenti interni da sottoporre all\u2019assemblea dei soci;<\/p>\n\n\n\n<p>n. curare la tenuta dei libri dei soci, delle adunanze e deliberazioni dell\u2019assemblea dei soci e delle adunanze e deliberazioni del Consiglio Direttivo.<\/p>\n\n\n\n<p><strong>ART. 13<\/strong><\/p>\n\n\n\n<p><strong>IL PRESIDENTE DEL CONSIGLIO DIRETTIVO<\/strong><\/p>\n\n\n\n<p>Il Presidente, eletto in seno al Consiglio Direttivo, rappresenta ad ogni effetto di legge l\u2019Associazione di fronte a terzi ed in giudizio.<\/p>\n\n\n\n<p>Al Presidente spetta la firma degli atti sociali che impegnano l\u2019Associazione sia nei riguardi dei soci che dei terzi.<\/p>\n\n\n\n<p>Il Presidente sovrintende in particolare l\u2019attuazione delle deliberazioni dell\u2019assemblea dei soci e del Consiglio Direttivo.<\/p>\n\n\n\n<p>In caso di necessit\u00e0 pu\u00f2 adottare provvedimenti d\u2019urgenza sottoponendoli entro 20 (venti) giorni alla ratifica del Consiglio Direttivo.<\/p>\n\n\n\n<p>Nel caso in cui il Presidente sia impedito all\u2019esercizio delle proprie funzioni lo stesso viene sostituito dal Vice\u00ad-presidente in ogni sua attribuzione.<\/p>\n\n\n\n<p>Il solo intervento del Vice-presidente costituisce per i terzi prova dell\u2019impedimento momentaneo del Presidente.<\/p>\n\n\n\n<p><strong>ART. 14<\/strong><\/p>\n\n\n\n<p><strong>IL TESORIERE<\/strong><\/p>\n\n\n\n<p>Il Tesoriere cura e gestisce l\u2019attivit\u00e0 contabile dell\u2019Associazione e predispone annualmente lo schema di bilancio consuntivo da sottoporre al Consiglio Direttivo accompagnandolo da apposita relazione.<\/p>\n\n\n\n<p>Pu\u00f2 effettuare riscossioni e pagamenti previo mandato del Presidente o Vice Presidente.<\/p>\n\n\n\n<p><strong>ART. 15<\/strong><\/p>\n\n\n\n<p><strong>I LIBRI SOCIALI<\/strong><\/p>\n\n\n\n<p>L\u2019Associazione terr\u00e0:<\/p>\n\n\n\n<p>&#8211; il libro dei soci;<\/p>\n\n\n\n<p>&#8211; il libro delle adunanze e delle deliberazioni dell\u2019assemblea dei soci;<\/p>\n\n\n\n<p>&#8211; il libro delle adunanze e delle deliberazioni del Consiglio Direttivo.<\/p>\n\n\n\n<p>I soci possono esaminare i libri sociali esclusivamente presso la sede dell\u2019Associazione, previa richiesta scritta al Consiglio Direttivo che deve consentirne la consultazione entro i successivi 60 (sessanta) giorni.<\/p>\n\n\n\n<p><strong>ART. 16<\/strong><\/p>\n\n\n\n<p><strong>SCIOGLIMENTO DELL\u2019ASSOCIAZIONE<\/strong><\/p>\n\n\n\n<p>Lo scioglimento dell\u2019Associazione \u00e8 deliberato dall\u2019assemblea dei soci validamente costituita con la presenza di almeno 3\/4 (tre\/quarti) dei soci, con l\u2019approvazione, sia in prima che in seconda convocazione, di almeno 3\/4 (tre\/quarti) dei soci esprimenti voto personale, con esclusione delle deleghe.<\/p>\n\n\n\n<p>In caso di scioglimento per qualsiasi causa l\u2019assemblea designer\u00e0 un liquidatore determinandone i poteri.<\/p>\n\n\n\n<p>Il patrimonio residuo sar\u00e0 devoluto, salvo diversa destinazione imposta da specifica disposizione di legge, ad altra associazione non riconosciuta o ad altro ente senza scopo di lucro avente analoghe finalit\u00e0.<\/p>\n\n\n\n<p><strong>ART. 17<\/strong><\/p>\n\n\n\n<p><strong>CLAUSOLA COMPROMISSORIA<\/strong><\/p>\n\n\n\n<p>Qualunque controversia sorgesse in dipendenza della esecuzione o interpretazione del presente statuto e che possa formare oggetto di compromesso, sar\u00e0 rimessa a giudizio di un arbitro amichevole che giudicher\u00e0 secondo equit\u00e0 e senza formalit\u00e0 di rito, dando luogo ad arbitrato irrituale.<\/p>\n\n\n\n<p>L\u2019arbitro sar\u00e0 scelto di comune accordo dalle parti contendenti; in mancanza di accordo, alla nomina dell\u2019arbitro provveder\u00e0 il Presidente del Tribunale di Macerata.<\/p>\n\n\n\n<p><a><strong>ARTICOLO <\/strong><\/a><strong>18<\/strong><\/p>\n\n\n\n<p><strong>RINVIO<\/strong><\/p>\n\n\n\n<p>Per tutto quanto non \u00e8 previsto dal presente Statuto si fa rinvio alle norme del codice civile.<\/p>\n\n\n\n<p>CERESOLI FRANCO<\/p>\n\n\n\n<p>CIAMPICHETTI FRANCO<\/p>\n\n\n\n<p>GIAMPAOLETTI MARIA GIUSEPPINA<\/p>\n\n\n\n<p>GIGLIONI LUIGI<\/p>\n\n\n\n<p>MASSACCESI MARCO<\/p>\n\n\n\n<p>NOVELLI SETTIMIO<\/p>\n\n\n\n<p>PAOLUCCI ANTONIETTA<\/p>\n\n\n\n<p>PICCINI ANDREA<\/p>\n\n\n\n<p>PIERSANTI PAOLO<\/p>\n\n\n\n<p>PLEBANI CESARE<\/p>\n\n\n\n<p>ROSCANI GIUSEPPE<\/p>\n\n\n\n<p>SCORTICHINI ANTONIO<\/p>\n\n\n\n<p>SCUPPA GIOVANNI<\/p>\n\n\n\n<p>SPINACI DAMIANO<\/p>\n\n\n\n<p>TOBALDI GIULIANA<\/p>\n\n\n\n<p><\/p>\n","protected":false},"excerpt":{"rendered":"<p>ART. 1 COSTITUZIONE, SEDE E DURATA \u00c8 liberamente costituita l\u2019associazione non riconosciuta denominata \u201cI tesori della Valle di San Clemente\u201d, con sede ad Apiro (MC), Via del Biroccio n. 13; essa \u00e8 regolata dal presente Statuto e dalle vigenti norme del codice civile in materia di associazioni non riconosciute. Il trasferimento della sede legale all\u2019interno [&hellip;]<\/p>\n","protected":false},"author":1,"featured_media":0,"parent":0,"menu_order":0,"comment_status":"closed","ping_status":"closed","template":"","meta":{"vkexunit_cta_each_option":"","footnotes":""},"class_list":["post-100","page","type-page","status-publish","hentry"],"_links":{"self":[{"href":"https:\/\/www.tesorivallesanclemente.it\/index.php?rest_route=\/wp\/v2\/pages\/100","targetHints":{"allow":["GET"]}}],"collection":[{"href":"https:\/\/www.tesorivallesanclemente.it\/index.php?rest_route=\/wp\/v2\/pages"}],"about":[{"href":"https:\/\/www.tesorivallesanclemente.it\/index.php?rest_route=\/wp\/v2\/types\/page"}],"author":[{"embeddable":true,"href":"https:\/\/www.tesorivallesanclemente.it\/index.php?rest_route=\/wp\/v2\/users\/1"}],"replies":[{"embeddable":true,"href":"https:\/\/www.tesorivallesanclemente.it\/index.php?rest_route=%2Fwp%2Fv2%2Fcomments&post=100"}],"version-history":[{"count":9,"href":"https:\/\/www.tesorivallesanclemente.it\/index.php?rest_route=\/wp\/v2\/pages\/100\/revisions"}],"predecessor-version":[{"id":278,"href":"https:\/\/www.tesorivallesanclemente.it\/index.php?rest_route=\/wp\/v2\/pages\/100\/revisions\/278"}],"wp:attachment":[{"href":"https:\/\/www.tesorivallesanclemente.it\/index.php?rest_route=%2Fwp%2Fv2%2Fmedia&parent=100"}],"curies":[{"name":"wp","href":"https:\/\/api.w.org\/{rel}","templated":true}]}}